{"id":603,"date":"2020-06-04T09:55:15","date_gmt":"2020-06-04T09:55:15","guid":{"rendered":"http:\/\/www.ragonor.es\/?page_id=603"},"modified":"2020-06-04T09:55:15","modified_gmt":"2020-06-04T09:55:15","slug":"aviso-legal","status":"publish","type":"page","link":"http:\/\/www.ragonor.es\/en\/aviso-legal\/","title":{"rendered":"Legal notice"},"content":{"rendered":"<p>[et_pb_section fb_built=\u00bb1&#8243; _builder_version=\u00bb4.3.1&#8243;][et_pb_row _builder_version=\u00bb4.3.1&#8243;][et_pb_column _builder_version=\u00bb4.3.1&#8243; type=\u00bb4_4&#8243;][et_pb_text _builder_version=\u00bb4.3.1&#8243; hover_enabled=\u00bb0&#8243;]<\/p>\n<h2 style=\"text-align: center;\"><b>AVISO LEGAL<\/b><\/h2>\n<p><b>Derechos de Propiedad Intelectual<o:p><\/o:p><\/b><\/p>\n<p>1.- Todos los contenidos del sitio web <a href=\"http:\/\/www.ragonor.es\/en\/\">http:\/\/www.ragonor.es<\/a> (incluyendo, sin car\u00e1cter limitativo, bases de datos, im\u00e1genes y fotograf\u00edas, dibujos, gr\u00e1ficos y archivos de texto) son propiedad de <b>Ragonor S.L.<\/b> o de los proveedores de contenidos, habiendo sido, en este \u00faltimo caso, objeto de licencia o cesi\u00f3n por parte de los mismos y est\u00e1n protegidos por las normas nacionales o internacionales de propiedad intelectual. La recopilaci\u00f3n, dise\u00f1o, ordenaci\u00f3n y montaje de todo el contenido del sitio web es propiedad exclusiva de <b>Ragonor S.L.<\/b> y se encuentra protegida por las normas nacionales e internacionales de propiedad industrial e intelectual.<o:p><\/o:p><\/p>\n<p>2.- Las marcas, r\u00f3tulos, signos distintivos o logos de sitio web <a href=\"http:\/\/www.ragonor.es\/en\/\">http:\/\/www.ragonor.es<\/a> son titularidad de <b>Ragonor S.L.<\/b> y est\u00e1n debidamente registrados.<o:p><\/o:p><\/p>\n<p>3.- Los textos, datos y dibujos gr\u00e1ficos son propiedad de <b>Ragonor S.L.<\/b> o de las entidades proveedoras de informaci\u00f3n, no pudiendo ser objeto de ulterior modificaci\u00f3n, copia, transformaci\u00f3n, alteraci\u00f3n, reproducci\u00f3n, adaptaci\u00f3n o traducci\u00f3n por parte de terceros, sin la expresa autorizaci\u00f3n por parte del titutlar de dicho contenido. La puesta a disposici\u00f3n de los textos, datos y dibujos gr\u00e1ficos no implica, en ning\u00fan caso, la cesi\u00f3n de su titularidad o la concesi\u00f3n de un derecho de explotaci\u00f3n, reproducci\u00f3n, difusi\u00f3n, transformaci\u00f3n, distribuci\u00f3n, o transmisi\u00f3n a su favor, distinto del derecho de uso que comporta la utilizaci\u00f3n leg\u00edtima de <a href=\"http:\/\/www.ragonor.es\/en\/\">http:\/\/www.ragonor.es<\/a>.<o:p><\/o:p><\/p>\n<p><b>Manifestaciones<\/b><o:p><\/o:p><\/p>\n<p>1.- <b>Ragonor S.L.<\/b> manifiesta que este sitio web dispone de la tecnolog\u00eda adecuada para permitir el acceso y utilizaci\u00f3n del mismo. No obstante, ragonor S.L. no se responsabiliza por la eventual existencia de virus u otros elementos nocivos, introducidos por cualquier medio o por cualquier tercero, que puedan producir alteraciones en sus sitemas inform\u00e1ticos.<o:p><\/o:p><\/p>\n<p>2.- El sitio web <a href=\"http:\/\/www.ragonor.es\/en\/\">http:\/\/www.ragonor.es<\/a> podr\u00eda contener inexactitudes, omisiones relevantes, imprecisiones o erratas. <b>Ragonor S.L.<\/b> no garantiza, en ning\u00fan caso, la veracidad, exactitud y actualidad de los datos contenidos en su sitio web. El usuario que accede a <a href=\"http:\/\/www.ragonor.es\/en\/\">http:\/\/www.ragonor.es<\/a> exonera a <b>Ragonor S.L.<\/b> de cualquier responsabilidad en relaci\u00f3n a la fiabilidad, utilidad o falsas expectativas que este sitio web pudiera producirle.<o:p><\/o:p><\/p>\n<p>3.- El sitio web <a href=\"http:\/\/www.ragonor.es\/en\/\">http:\/\/www.ragonor.es<\/a> no utiliza cookies ni otros medios t\u00e9cnicos que permitan identificar a los usuarios, ni conocer datos relativos a su navegaci\u00f3n.<o:p><\/o:p><\/p>\n<p><b>Limitaci\u00f3n de responsabilidad<\/b><o:p><\/o:p><\/p>\n<p>1.- <b>Ragonor S.L.<\/b> no ofrece garant\u00edas de ninguna clase en cuanto al funcionamiento del sitio web www.ragonor.com o a la informaci\u00f3n contenida en el mismo. <b>Ragonor S.L.<\/b> no ser\u00e1 responsable de los da\u00f1os o perjuicios, de cualquier \u00edndole, que puedan derivarse del uso del sitio web <a href=\"http:\/\/www.ragonor.es\/en\/\">http:\/\/www.ragonor.es<\/a>.<o:p><\/o:p><\/p>\n<p>2.- <b>Ragonor S.L.<\/b> excluye toda responsabilidad por la licitud, contenido y calidad de los datos e informaciones ofrecidos por terceras entidades a trav\u00e9s del sitio web <a href=\"http:\/\/www.ragonor.es\/en\/\">http:\/\/www.ragonor.es<\/a>.<o:p><\/o:p><\/p>\n<p><b>Enlaces hiperv\u00ednculos<\/b><o:p><\/o:p><\/p>\n<p>1.- Los titulares de otros sitios web que deseen crear un hiperv\u00ednculo a <a href=\"http:\/\/www.ragonor.es\/en\/\">http:\/\/www.ragonor.es<\/a>, se comprometen a no establecer enlaces a sitios web en los que no aparezca el logotipo de <b>Ragonor S.L.<\/b>, y a no realizar manifestaciones falsas, inexactas o incorrectas, que puedan inducir a error o, en general, que sean contrarias a las leyes.<o:p><\/o:p><\/p>\n<p>2.- Los titulares de otros sitios web que deseen crear un hiperv\u00ednculo a <a href=\"http:\/\/www.ragonor.es\/en\/\">http:\/\/www.ragonor.es<\/a> se comprometen, asimismo, a no establecer hiperv\u00ednculos con sitios web que contengan contenidos, manifestaciones o propaganda de \u00edndole racista, xen\u00f3foba, pornogr\u00e1fica, de apolog\u00eda del terrorismo y, en general, puedan perjudicar de cualquier modo el buen nombre o la imagen de <b>Ragonor S.L.<\/b>.<o:p><\/o:p><\/p>\n<p>3.- La inclusi\u00f3n de hiperv\u00ednculos en <a href=\"http:\/\/www.ragonor.es\/en\/\">http:\/\/www.ragonor.es<\/a>, no implica necesariamente que <b>Ragonor S.L.<\/b>, mantenga relaciones mercantiles o v\u00ednculos asociativos con el titular del sitio web en la que se establezca el enlace.<o:p><\/o:p><\/p>\n<p>4.- La presencia de hiperv\u00ednculos en <a href=\"http:\/\/www.ragonor.es\/en\/\">http:\/\/www.ragonor.es<\/a> tiene una finalidad meramente informativa, motivo por el cual, <b>Ragonor S.L.<\/b> no se responsabiliza ni otorga garant\u00eda de ninguna naturaleza, ni expresa ni impl\u00edcita respecto a la comerciabilidad, idoneidad, calidad, caracter\u00edsticas, procedencia, comercializaci\u00f3n o cualquier otro aspecto de las informaciones y\/o productos y\/o servicios que se ofrezcan a trav\u00e9s del sitio web referenciado.<o:p><\/o:p><\/p>\n<p><b>Cookies<\/b><o:p><\/o:p><\/p>\n<p>1.- <b>Ragonor S.L.<\/b> comunica a los usuarios, a trav\u00e9s de este aviso, que utiliza \u00abcookies\u00bb cuando el usuario navega por las diferentes pantallas y p\u00e1ginas del Sitio Web. Se trata de peque\u00f1os ficheros de datos que se generan en el ordenador del usuario y que nos permiten obtener la informaci\u00f3n \u00fatil para personalizar el Sitio Web.<o:p><\/o:p><\/p>\n<p>2.- Las \u00abcookies\u00bb se asocian \u00fanicamente con el navegador de un ordenador determinado (Usuario an\u00f3nimo), no extraen informaci\u00f3n de su ordenador y tampoco proporcionan por s\u00ed la ubicaci\u00f3n ni el nombre y apellidos del Usuario. Gracias a las \u00abcookies\u00bb, resulta posible que <b>Ragonor S.L.<\/b> reconozca a los navegadores de los Usuarios registrados despu\u00e9s de que \u00e9stos se hayan registrado por primera vez, sin que se tengan que registrarse en cada visita para acceder a las \u00e1reas y servicios reservados exclusivamente a ellos. Si a pesar de ello, Ud. no desea que se instale en su disco duro una \u00abcookie\u00bb, solicitamos configure el navegador de su ordenador para no recibirlas. Sin embargo, le hacemos notar que, en todo caso, la calidad de funcionamiento del Sitio Web puede disminuir.<o:p><\/o:p><\/p>\n<p>[\/et_pb_text][\/et_pb_column][\/et_pb_row][\/et_pb_section]<\/p>","protected":false},"excerpt":{"rendered":"<p>[et_pb_section fb_built=\u00bb1&#8243; _builder_version=\u00bb4.3.1&#8243;][et_pb_row _builder_version=\u00bb4.3.1&#8243;][et_pb_column _builder_version=\u00bb4.3.1&#8243; type=\u00bb4_4&#8243;][et_pb_text _builder_version=\u00bb4.3.1&#8243; hover_enabled=\u00bb0&#8243;] AVISO LEGAL Derechos de Propiedad Intelectual 1.- Todos los contenidos del sitio web http:\/\/www.ragonor.es (incluyendo, sin car\u00e1cter limitativo, bases de datos, im\u00e1genes y fotograf\u00edas, dibujos, gr\u00e1ficos y archivos de texto) son propiedad de Ragonor S.L. o de los proveedores de contenidos, habiendo sido, en este \u00faltimo caso, [&hellip;]<\/p>","protected":false},"author":1,"featured_media":0,"parent":0,"menu_order":0,"comment_status":"closed","ping_status":"closed","template":"","meta":{"_et_pb_use_builder":"on","_et_pb_old_content":"","_et_gb_content_width":""},"_links":{"self":[{"href":"http:\/\/www.ragonor.es\/en\/wp-json\/wp\/v2\/pages\/603"}],"collection":[{"href":"http:\/\/www.ragonor.es\/en\/wp-json\/wp\/v2\/pages"}],"about":[{"href":"http:\/\/www.ragonor.es\/en\/wp-json\/wp\/v2\/types\/page"}],"author":[{"embeddable":true,"href":"http:\/\/www.ragonor.es\/en\/wp-json\/wp\/v2\/users\/1"}],"replies":[{"embeddable":true,"href":"http:\/\/www.ragonor.es\/en\/wp-json\/wp\/v2\/comments?post=603"}],"version-history":[{"count":2,"href":"http:\/\/www.ragonor.es\/en\/wp-json\/wp\/v2\/pages\/603\/revisions"}],"predecessor-version":[{"id":606,"href":"http:\/\/www.ragonor.es\/en\/wp-json\/wp\/v2\/pages\/603\/revisions\/606"}],"wp:attachment":[{"href":"http:\/\/www.ragonor.es\/en\/wp-json\/wp\/v2\/media?parent=603"}],"curies":[{"name":"wp","href":"https:\/\/api.w.org\/{rel}","templated":true}]}}