{"id":836,"date":"2023-08-02T11:00:09","date_gmt":"2023-08-02T11:00:09","guid":{"rendered":"http:\/\/www.ragonor.es\/?page_id=836"},"modified":"2025-08-05T11:26:09","modified_gmt":"2025-08-05T11:26:09","slug":"politica-de-cookies","status":"publish","type":"page","link":"http:\/\/www.ragonor.es\/en\/politica-de-cookies\/","title":{"rendered":"Pol\u00edtica de Cookies"},"content":{"rendered":"<p>[et_pb_section fb_built=\u00bb1&#8243; _builder_version=\u00bb4.3.1&#8243;][et_pb_row _builder_version=\u00bb4.3.1&#8243; width=\u00bb100%\u00bb][et_pb_column type=\u00bb4_4&#8243; _builder_version=\u00bb4.3.1&#8243;][et_pb_text _builder_version=\u00bb4.3.1&#8243; width=\u00bb100%\u00bb custom_padding_tablet=\u00bb20px|20px|20px|20px|false|false\u00bb custom_padding_phone=\u00bb0px|5px|0px|5px|false|false\u00bb custom_padding_last_edited=\u00bbon|phone\u00bb]<\/p>\n<h2 style=\"text-align: center;\"><strong><span style=\"color: #666666;\">POL\u00cdTICA DE PRIVACIDAD<\/span><\/strong><\/h2>\n<h4><span style=\"color: #666666;\"><strong><br \/>\u00bfQu\u00e9 son las cookies y para qu\u00e9 las usamos?<\/strong><\/span><\/h4>\n<p>Una cookie o galleta inform\u00e1tica es un peque\u00f1o archivo de informaci\u00f3n que se guarda en su navegador cada vez que visita nuestra p\u00e1gina web.<\/p>\n<p>La utilidad de las cookies es guardar el historial de su actividad en nuestra p\u00e1gina web, de manera que, cuando la visite nuevamente, \u00e9sta pueda identificarle y configurar el contenido de la misma en base a sus h\u00e1bitos de navegaci\u00f3n, identidad y preferencias.<\/p>\n<p>Una cookie es inofensiva, no contiene c\u00f3digo malicioso o malintencionado (ej. virus, troyanos, gusanos, etc.) que pueda da\u00f1ar su terminal (ordenador, Smartphone, tableta, etc.), pero s\u00ed tiene cierto impacto sobre su derecho a la protecci\u00f3n de sus datos, pues recoge determinada informaci\u00f3n concerniente a su persona (h\u00e1bitos de navegaci\u00f3n, identidad, preferencias, etc.).<\/p>\n<h4><span style=\"color: #666666;\"><strong>\u00bfQu\u00e9 informaci\u00f3n guarda una cookie?<\/strong><\/span><\/h4>\n<p>Las cookies no suelen recoger categor\u00edas especiales de datos personales (datos sensibles). Los datos que guardan son de car\u00e1cter t\u00e9cnico, preferencias personales, personalizaci\u00f3n de contenidos, etc.<\/p>\n<h4><span style=\"color: #666666;\"><strong>\u00bfQu\u00e9 tipo de cookies existen?<\/strong><\/span><\/h4>\n<p>Con car\u00e1cter general, existen cinco tipos de cookies:<\/p>\n<p><strong>Cookies t\u00e9cnicas:<\/strong><\/p>\n<p>Son las cookies m\u00e1s b\u00e1sicas. Permiten al usuario la navegaci\u00f3n a trav\u00e9s de una p\u00e1gina web, plataforma o aplicaci\u00f3n y la utilizaci\u00f3n de las diferentes opciones o servicios que en ella existan como, por ejemplo, controlar el tr\u00e1fico y la comunicaci\u00f3n de datos, identificar la sesi\u00f3n, acceder a partes de acceso restringido, recordar los elementos que integran un pedido, realizar el proceso de compra de un pedido, realizar la solicitud de inscripci\u00f3n o participaci\u00f3n en un evento, utilizar elementos de seguridad durante la navegaci\u00f3n, almacenar contenidos para la difusi\u00f3n de videos o sonido o compartir contenidos a trav\u00e9s de redes sociales.<\/p>\n<p><strong>Cookies de personalizaci\u00f3n:<\/strong><\/p>\n<p>Son aqu\u00e9llas que permiten al usuario acceder al servicio con algunas caracter\u00edsticas de car\u00e1cter general predefinidas en funci\u00f3n de una serie de criterios en el terminal del usuario como por ejemplo serian el idioma, el tipo de navegador a trav\u00e9s del cual accede al servicio, la configuraci\u00f3n regional desde donde accede al servicio, etc.<\/p>\n<p><strong>Cookies de an\u00e1lisis:<\/strong><\/p>\n<p>Son aqu\u00e9llas que permiten al responsable de las mismas, el seguimiento y an\u00e1lisis del comportamiento de los usuarios de los sitios web a los que est\u00e1n vinculadas. La informaci\u00f3n recogida mediante este tipo de cookies se utiliza en la medici\u00f3n de la actividad de los sitios web, aplicaci\u00f3n o plataforma y para la elaboraci\u00f3n de perfiles de navegaci\u00f3n de los usuarios de dichos sitios, aplicaciones y plataformas, con el fin de introducir mejoras en funci\u00f3n del an\u00e1lisis de los datos de uso que hacen los usuarios del servicio.<\/p>\n<p><strong>Cookies publicitarias:<\/strong><\/p>\n<p>Son aqu\u00e9llas que permiten la gesti\u00f3n, de la forma m\u00e1s eficaz posible, de los espacios publicitarios que, en su caso, el responsable haya incluido en una p\u00e1gina web, aplicaci\u00f3n o plataforma desde la que presta el servicio solicitado en base a criterios como el contenido editado o la frecuencia en la que se muestran los anuncios.<\/p>\n<p><strong>Cookies de publicidad comportamental:<\/strong><\/p>\n<p>Son aqu\u00e9llas que permiten la gesti\u00f3n, de la forma m\u00e1s eficaz posible, de los espacios publicitarios que, en su caso, el responsable haya incluido en una p\u00e1gina web, aplicaci\u00f3n o plataforma desde la que presta el servicio solicitado. Estas cookies almacenan informaci\u00f3n del comportamiento de los usuarios obtenida a trav\u00e9s de la observaci\u00f3n continuada de sus h\u00e1bitos de navegaci\u00f3n, lo que permite desarrollar un perfil espec\u00edfico para mostrar publicidad en funci\u00f3n del mismo.<\/p>\n<p>\u00a0<\/p>\n<h4><span style=\"color: #666666;\"><strong>\u00bfQu\u00e9 son las cookies propias y las de terceros?<\/strong><\/span><\/h4>\n<p><strong>Cookies de propias:<\/strong><\/p>\n<p>Las cookies propias son aquellas que se generan y gestionan por el propio responsable que presta el servicio solicitado por el usuario.<\/p>\n<p><strong>Cookies de terceros:<\/strong><\/p>\n<p>Son aquellas que se generan por otras entidades distintas al propio responsable (servicios o proveedores externos, como por ejemplo Google).<\/p>\n<p>\u00a0<\/p>\n<h4><span style=\"font-size: large; color: #666666;\"><strong>\u00bfQu\u00e9 tipo de cookies guarda nuestra p\u00e1gina web?<\/strong><\/span><\/h4>\n<p>A continuaci\u00f3n, procedemos a relacionar el tipo de cookies que guarda nuestra p\u00e1gina web y la finalidad de las mismas:<\/p>\n\n\n <h2>Cookies Propias<\/h2>\n    <table style=\"border-collapse: collapse; font-family: Arial, sans-serif; font-size: 14px; width: 100%; text-align: left;\" border=\"1\" cellspacing=\"0\" cellpadding=\"8\">\n        <thead>\n            <tr>\n                <th style=\"border: 1px solid #000; font-weight: bold;\">COOKIES PROPIAS<\/th>\n                <th style=\"border: 1px solid #000; font-weight: bold;\">DESCRIPCI\u00d3N<\/th>\n                <th style=\"border: 1px solid #000; font-weight: bold;\">EXPIRACI\u00d3N<\/th>\n                <th style=\"border: 1px solid #000; font-weight: bold;\">FUENTE<\/th>\n            <\/tr>\n        <\/thead>\n        <tbody>\n            <tr>\n                <td style=\"border: 1px solid #000;\">pll_language<\/td>\n                <td style=\"border: 1px solid #000;\">Preferencia de idioma: Se utiliza para recordar qu\u00e9 idioma escogi\u00f3 el visitante en su sesi\u00f3n.<\/td>\n                <td style=\"border: 1px solid #000;\">Cookie de sesi\u00f3n<\/td>\n                <td style=\"border: 1px solid #000;\">Polylang<\/td>\n            <\/tr>\n            <tr>\n                <td style=\"border: 1px solid #000;\">et-pb-recent-items-colors<\/td>\n                <td style=\"border: 1px solid #000;\">Prop\u00f3sito funcional para proporcionar funciones en la p\u00e1gina web<\/td>\n                <td style=\"border: 1px solid #000;\">Cookie de sesi\u00f3n<\/td>\n                <td style=\"border: 1px solid #000;\">Divi<\/td>\n            <\/tr>\n            <tr>\n                <td style=\"border: 1px solid #000;\">_ga<\/td>\n                <td style=\"border: 1px solid #000;\">Se usa para distinguir a los usuarios.<\/td>\n                <td style=\"border: 1px solid #000;\">2 a\u00f1os<\/td>\n                <td style=\"border: 1px solid #000;\">Google Analytics<\/td>\n            <\/tr>\n            <tr>\n                <td style=\"border: 1px solid #000;\">SL_GwPT_Show_Hide_tmp<\/td>\n                <td style=\"border: 1px solid #000;\">Utilizamos estas cookies para hacer que el uso del sitio sea m\u00e1s c\u00f3modo. Algunos usos comunes de las cookies incluyen la capacidad de guardar preferencias de navegaci\u00f3n relacionadas con el idioma de uso del sitio o la capacidad de compartir en las redes sociales enlaces y contenido en el sitio<\/td>\n                <td style=\"border: 1px solid #000;\">1 a\u00f1o<\/td>\n                <td style=\"border: 1px solid #000;\">Chrome translator<\/td>\n            <\/tr>\n            <tr>\n                <td style=\"border: 1px solid #000;\">SL_wptGlobTipTmp<\/td>\n                <td style=\"border: 1px solid #000;\">Utilizamos estas cookies para hacer que el uso del sitio sea m\u00e1s c\u00f3modo. Algunos usos comunes de las cookies incluyen la capacidad de guardar preferencias de navegaci\u00f3n relacionadas con el idioma de uso del sitio o la capacidad de compartir en las redes sociales enlaces y contenido en el sitio<\/td>\n                <td style=\"border: 1px solid #000;\">1 a\u00f1o<\/td>\n                <td style=\"border: 1px solid #000;\">Chrome translator<\/td>\n            <\/tr>\n            <tr>\n                <td style=\"border: 1px solid #000;\">cdp-cookiesplugin-wp<\/td>\n                <td style=\"border: 1px solid #000;\">Utilizamos estas cookies para hacer que el uso del sitio sea m\u00e1s c\u00f3modo. Algunos usos comunes de las cookies incluyen la capacidad de guardar preferencias de navegaci\u00f3n relacionadas con el idioma de uso del sitio o la capacidad de compartir en las redes sociales enlaces y contenido en el sitio<\/td>\n                <td style=\"border: 1px solid #000;\">1 a\u00f1o<\/td>\n                <td style=\"border: 1px solid #000;\">WordPress<\/td>\n            <\/tr>\n            <tr>\n                <td style=\"border: 1px solid #000;\">wordpress_logged_in_<\/td>\n                <td style=\"border: 1px solid #000;\">Despu\u00e9s del login, WordPress activa la cookie wordpress_logged_in_, cuya funci\u00f3n es indicar cu\u00e1ndo se ha conectado y qui\u00e9n es, siendo utilizado por la interfaz de WordPress.<\/td>\n                <td style=\"border: 1px solid #000;\">1 a\u00f1o<\/td>\n                <td style=\"border: 1px solid #000;\">WordPress<\/td>\n            <\/tr>\n        <\/tbody>\n    <\/table>\n    \n    <br>\n    \n    <h2>Cookies de Terceros<\/h2>\n    <table style=\"border-collapse: collapse; font-family: Arial, sans-serif; font-size: 14px; width: 100%; text-align: left;\" border=\"1\" cellspacing=\"0\" cellpadding=\"8\">\n        <thead>\n            <tr>\n                <th style=\"border: 1px solid #000; font-weight: bold;\">COOKIES DE TERCEROS<\/th>\n                <th style=\"border: 1px solid #000; font-weight: bold;\">DESCRIPCI\u00d3N<\/th>\n                <th style=\"border: 1px solid #000; font-weight: bold;\">EXPIRACI\u00d3N<\/th>\n                <th style=\"border: 1px solid #000; font-weight: bold;\">FUENTE<\/th>\n            <\/tr>\n        <\/thead>\n        <tbody>\n            <tr>\n                <td style=\"border: 1px solid #000;\">Google Fonts API<\/td>\n                <td style=\"border: 1px solid #000;\">Cookies de activaci\u00f3n voluntaria para la visualizaci\u00f3n de tipograf\u00edas<\/td>\n                <td style=\"border: 1px solid #000;\">3 meses<\/td>\n                <td style=\"border: 1px solid #000;\">Google<\/td>\n            <\/tr>\n            <tr>\n                <td style=\"border: 1px solid #000;\">Google Maps API<\/td>\n                <td style=\"border: 1px solid #000;\">Cookies de activaci\u00f3n voluntaria para la localizaci\u00f3n de ubicaci\u00f3n<\/td>\n                <td style=\"border: 1px solid #000;\">3 meses<\/td>\n                <td style=\"border: 1px solid #000;\">Google<\/td>\n            <\/tr>\n        <\/tbody>\n    <\/table>\n\n\n\n<p><\/p>\n\n\n\n<h4><strong>\u00bfQu\u00e9 puedo hacer con las cookies?<\/strong><\/h4>\n\n\n\n<p>Las cookies pueden ser borradas, aceptadas o bloqueadas, seg\u00fan desee, para esto s\u00f3lo debe configurar convenientemente el navegador web.<\/p>\n\n\n\n<p>En cualquier momento, puede impedir la instalaci\u00f3n de cookies (bloqueo) en su equipo mediante la opci\u00f3n correspondiente de su navegador, pero en dicho caso no podremos asegurarle el correcto funcionamiento de las distintas funcionalidades de nuestra p\u00e1gina web.<\/p>\n\n\n\n<p>A continuaci\u00f3n, le facilitamos los enlaces para la gesti\u00f3n y bloqueo de cookies dependiendo del navegador que utilice:<\/p>\n\n\n\n<p>Internet Explorer: http:\/\/windows.microsoft.com\/es-xl\/internet-explorer\/delete-manage-cookies#ie=ie-10<\/p>\n\n\n\n<p>FireFox:http:\/\/support.mozilla.org\/es\/kb\/habilitar-y-deshabilitar-cookies-que-los-sitios-we<\/p>\n\n\n\n<p>Chrome:https:\/\/support.google.com\/chrome\/answer\/95647?hl=es<\/p>\n\n\n\n<p>Safari:https:\/\/www.apple.com\/legal\/privacy\/es\/cookies\/<\/p>\n\n\n\n<p>Tambi\u00e9n puede borrar las cookies que tenga guardadas en su navegador acudiendo a las opciones de configuraci\u00f3n del mismo.<\/p>\n\n\n\n<p>[\/et_pb_text][\/et_pb_column][\/et_pb_row][\/et_pb_section]<\/p>","protected":false},"excerpt":{"rendered":"<p>[et_pb_section fb_built=\u00bb1&#8243; _builder_version=\u00bb4.3.1&#8243;][et_pb_row _builder_version=\u00bb4.3.1&#8243; width=\u00bb100%\u00bb][et_pb_column type=\u00bb4_4&#8243; _builder_version=\u00bb4.3.1&#8243;][et_pb_text _builder_version=\u00bb4.3.1&#8243; width=\u00bb100%\u00bb custom_padding_tablet=\u00bb20px|20px|20px|20px|false|false\u00bb custom_padding_phone=\u00bb0px|5px|0px|5px|false|false\u00bb custom_padding_last_edited=\u00bbon|phone\u00bb] POL\u00cdTICA DE PRIVACIDAD \u00bfQu\u00e9 son las cookies y para qu\u00e9 las usamos? Una cookie o galleta inform\u00e1tica es un peque\u00f1o archivo de informaci\u00f3n que se guarda en su navegador cada vez que visita nuestra p\u00e1gina web. La utilidad de las cookies es guardar [&hellip;]<\/p>","protected":false},"author":1,"featured_media":0,"parent":0,"menu_order":0,"comment_status":"closed","ping_status":"closed","template":"","meta":{"_et_pb_use_builder":"on","_et_pb_old_content":"","_et_gb_content_width":""},"_links":{"self":[{"href":"http:\/\/www.ragonor.es\/en\/wp-json\/wp\/v2\/pages\/836"}],"collection":[{"href":"http:\/\/www.ragonor.es\/en\/wp-json\/wp\/v2\/pages"}],"about":[{"href":"http:\/\/www.ragonor.es\/en\/wp-json\/wp\/v2\/types\/page"}],"author":[{"embeddable":true,"href":"http:\/\/www.ragonor.es\/en\/wp-json\/wp\/v2\/users\/1"}],"replies":[{"embeddable":true,"href":"http:\/\/www.ragonor.es\/en\/wp-json\/wp\/v2\/comments?post=836"}],"version-history":[{"count":16,"href":"http:\/\/www.ragonor.es\/en\/wp-json\/wp\/v2\/pages\/836\/revisions"}],"predecessor-version":[{"id":894,"href":"http:\/\/www.ragonor.es\/en\/wp-json\/wp\/v2\/pages\/836\/revisions\/894"}],"wp:attachment":[{"href":"http:\/\/www.ragonor.es\/en\/wp-json\/wp\/v2\/media?parent=836"}],"curies":[{"name":"wp","href":"https:\/\/api.w.org\/{rel}","templated":true}]}}